{"id":17,"date":"2019-08-13T05:04:11","date_gmt":"2019-08-13T05:04:11","guid":{"rendered":"https:\/\/127.0.0.1:8080\/tatoo-studio\/?page_id=6"},"modified":"2023-05-11T22:52:20","modified_gmt":"2023-05-11T22:52:20","slug":"home-page","status":"publish","type":"page","link":"https:\/\/nebulom.fr\/","title":{"rendered":"Home"},"content":{"rendered":"\t\t<div data-elementor-type=\"wp-post\" data-elementor-id=\"17\" class=\"elementor elementor-17\">\n\t\t\t\t\t\t\t\t\t<section class=\"elementor-section elementor-top-section elementor-element elementor-element-cbf4936 elementor-section-stretched elementor-section-boxed elementor-section-height-default elementor-section-height-default\" data-id=\"cbf4936\" data-element_type=\"section\" data-settings=\"{&quot;stretch_section&quot;:&quot;section-stretched&quot;,&quot;background_background&quot;:&quot;classic&quot;}\">\n\t\t\t\t\t\t<div class=\"elementor-container elementor-column-gap-default\">\n\t\t\t\t\t<div class=\"elementor-column elementor-col-100 elementor-top-column elementor-element elementor-element-140a971\" data-id=\"140a971\" data-element_type=\"column\">\n\t\t\t<div class=\"elementor-widget-wrap elementor-element-populated\">\n\t\t\t\t\t\t\t\t<div class=\"elementor-element elementor-element-d2de71b elementor-widget elementor-widget-heading\" data-id=\"d2de71b\" data-element_type=\"widget\" data-widget_type=\"heading.default\">\n\t\t\t\t<div class=\"elementor-widget-container\">\n\t\t\t<style>\/*! elementor - v3.13.1 - 09-05-2023 *\/\n.elementor-heading-title{padding:0;margin:0;line-height:1}.elementor-widget-heading .elementor-heading-title[class*=elementor-size-]>a{color:inherit;font-size:inherit;line-height:inherit}.elementor-widget-heading .elementor-heading-title.elementor-size-small{font-size:15px}.elementor-widget-heading .elementor-heading-title.elementor-size-medium{font-size:19px}.elementor-widget-heading .elementor-heading-title.elementor-size-large{font-size:29px}.elementor-widget-heading .elementor-heading-title.elementor-size-xl{font-size:39px}.elementor-widget-heading .elementor-heading-title.elementor-size-xxl{font-size:59px}<\/style><h2 class=\"elementor-heading-title elementor-size-default\">Le r\u00eave bleu<\/h2>\t\t<\/div>\n\t\t\t\t<\/div>\n\t\t\t\t\t<\/div>\n\t\t<\/div>\n\t\t\t\t\t\t\t<\/div>\n\t\t<\/section>\n\t\t\t\t<section class=\"elementor-section elementor-top-section elementor-element elementor-element-e07b5e2 elementor-section-stretched elementor-section-boxed elementor-section-height-default elementor-section-height-default\" data-id=\"e07b5e2\" data-element_type=\"section\" data-settings=\"{&quot;stretch_section&quot;:&quot;section-stretched&quot;,&quot;background_background&quot;:&quot;classic&quot;}\">\n\t\t\t\t\t\t<div class=\"elementor-container elementor-column-gap-default\">\n\t\t\t\t\t<div class=\"elementor-column elementor-col-100 elementor-top-column elementor-element elementor-element-9d8f5d1\" data-id=\"9d8f5d1\" data-element_type=\"column\">\n\t\t\t<div class=\"elementor-widget-wrap elementor-element-populated\">\n\t\t\t\t\t\t\t\t<div class=\"elementor-element elementor-element-ced16ec elementor-widget elementor-widget-image\" data-id=\"ced16ec\" data-element_type=\"widget\" data-widget_type=\"image.default\">\n\t\t\t\t<div class=\"elementor-widget-container\">\n\t\t\t<style>\/*! elementor - v3.13.1 - 09-05-2023 *\/\n.elementor-widget-image{text-align:center}.elementor-widget-image a{display:inline-block}.elementor-widget-image a img[src$=\".svg\"]{width:48px}.elementor-widget-image img{vertical-align:middle;display:inline-block}<\/style>\t\t\t\t\t\t\t\t\t\t\t\t<img loading=\"lazy\" decoding=\"async\" width=\"565\" height=\"532\" src=\"https:\/\/nebulom.fr\/wp-content\/uploads\/2023\/05\/Nebulhomme-et-Nebulame.webp\" class=\"attachment-large size-large wp-image-298\" alt=\"N\u00e9bul&#039;homme et N\u00e9bul&#039;\u00e2me Et de leur amour naqu\u00eet le monde de N\u00e9bulom ...\" srcset=\"https:\/\/nebulom.fr\/wp-content\/uploads\/2023\/05\/Nebulhomme-et-Nebulame.webp 565w, https:\/\/nebulom.fr\/wp-content\/uploads\/2023\/05\/Nebulhomme-et-Nebulame-300x282.webp 300w, https:\/\/nebulom.fr\/wp-content\/uploads\/2023\/05\/Nebulhomme-et-Nebulame-100x94.webp 100w, https:\/\/nebulom.fr\/wp-content\/uploads\/2023\/05\/Nebulhomme-et-Nebulame-150x141.webp 150w, https:\/\/nebulom.fr\/wp-content\/uploads\/2023\/05\/Nebulhomme-et-Nebulame-200x188.webp 200w, https:\/\/nebulom.fr\/wp-content\/uploads\/2023\/05\/Nebulhomme-et-Nebulame-450x424.webp 450w\" sizes=\"auto, (max-width: 565px) 100vw, 565px\" \/>\t\t\t\t\t\t\t\t\t\t\t\t\t\t\t<\/div>\n\t\t\t\t<\/div>\n\t\t\t\t<div class=\"elementor-element elementor-element-a2b9b49 elementor-widget elementor-widget-image\" data-id=\"a2b9b49\" data-element_type=\"widget\" data-widget_type=\"image.default\">\n\t\t\t\t<div class=\"elementor-widget-container\">\n\t\t\t\t\t\t\t\t\t\t\t\t\t\t\t<img loading=\"lazy\" decoding=\"async\" width=\"308\" height=\"337\" src=\"https:\/\/nebulom.fr\/wp-content\/uploads\/2023\/05\/2-1.webp\" class=\"attachment-large size-large wp-image-300\" alt=\"\" srcset=\"https:\/\/nebulom.fr\/wp-content\/uploads\/2023\/05\/2-1.webp 308w, https:\/\/nebulom.fr\/wp-content\/uploads\/2023\/05\/2-1-274x300.webp 274w, https:\/\/nebulom.fr\/wp-content\/uploads\/2023\/05\/2-1-100x109.webp 100w, https:\/\/nebulom.fr\/wp-content\/uploads\/2023\/05\/2-1-150x164.webp 150w, https:\/\/nebulom.fr\/wp-content\/uploads\/2023\/05\/2-1-200x219.webp 200w, https:\/\/nebulom.fr\/wp-content\/uploads\/2023\/05\/2-1-300x328.webp 300w\" sizes=\"auto, (max-width: 308px) 100vw, 308px\" \/>\t\t\t\t\t\t\t\t\t\t\t\t\t\t\t<\/div>\n\t\t\t\t<\/div>\n\t\t\t\t<div class=\"elementor-element elementor-element-a8cadff elementor-widget elementor-widget-image\" data-id=\"a8cadff\" data-element_type=\"widget\" data-widget_type=\"image.default\">\n\t\t\t\t<div class=\"elementor-widget-container\">\n\t\t\t\t\t\t\t\t\t\t\t\t\t\t\t<img loading=\"lazy\" decoding=\"async\" width=\"233\" height=\"233\" src=\"https:\/\/nebulom.fr\/wp-content\/uploads\/2023\/05\/1-1.webp\" class=\"attachment-large size-large wp-image-301\" alt=\"\" srcset=\"https:\/\/nebulom.fr\/wp-content\/uploads\/2023\/05\/1-1.webp 233w, https:\/\/nebulom.fr\/wp-content\/uploads\/2023\/05\/1-1-150x150.webp 150w, https:\/\/nebulom.fr\/wp-content\/uploads\/2023\/05\/1-1-100x100.webp 100w, https:\/\/nebulom.fr\/wp-content\/uploads\/2023\/05\/1-1-200x200.webp 200w\" sizes=\"auto, (max-width: 233px) 100vw, 233px\" \/>\t\t\t\t\t\t\t\t\t\t\t\t\t\t\t<\/div>\n\t\t\t\t<\/div>\n\t\t\t\t\t<\/div>\n\t\t<\/div>\n\t\t\t\t\t\t\t<\/div>\n\t\t<\/section>\n\t\t\t\t\t\t\t<\/div>\n\t\t","protected":false},"excerpt":{"rendered":"<p>Le r\u00eave bleu<\/p>\n","protected":false},"author":1,"featured_media":0,"parent":0,"menu_order":0,"comment_status":"closed","ping_status":"closed","template":"elementor_header_footer","meta":{"footnotes":""},"class_list":["post-17","page","type-page","status-publish","hentry"],"_links":{"self":[{"href":"https:\/\/nebulom.fr\/index.php\/wp-json\/wp\/v2\/pages\/17","targetHints":{"allow":["GET"]}}],"collection":[{"href":"https:\/\/nebulom.fr\/index.php\/wp-json\/wp\/v2\/pages"}],"about":[{"href":"https:\/\/nebulom.fr\/index.php\/wp-json\/wp\/v2\/types\/page"}],"author":[{"embeddable":true,"href":"https:\/\/nebulom.fr\/index.php\/wp-json\/wp\/v2\/users\/1"}],"replies":[{"embeddable":true,"href":"https:\/\/nebulom.fr\/index.php\/wp-json\/wp\/v2\/comments?post=17"}],"version-history":[{"count":7,"href":"https:\/\/nebulom.fr\/index.php\/wp-json\/wp\/v2\/pages\/17\/revisions"}],"predecessor-version":[{"id":304,"href":"https:\/\/nebulom.fr\/index.php\/wp-json\/wp\/v2\/pages\/17\/revisions\/304"}],"wp:attachment":[{"href":"https:\/\/nebulom.fr\/index.php\/wp-json\/wp\/v2\/media?parent=17"}],"curies":[{"name":"wp","href":"https:\/\/api.w.org\/{rel}","templated":true}]}}